{"id":46,"date":"2025-08-21T06:12:59","date_gmt":"2025-08-21T06:12:59","guid":{"rendered":"https:\/\/engenxa.ca\/?page_id=46"},"modified":"2025-10-28T19:43:42","modified_gmt":"2025-10-28T19:43:42","slug":"contact-us","status":"publish","type":"page","link":"https:\/\/engenxa.ca\/en\/contact-us\/","title":{"rendered":"Contact us"},"content":{"rendered":"\n<div class=\"wp-block-cover alignfull\" style=\"min-height:350px;aspect-ratio:unset;\"><img fetchpriority=\"high\" decoding=\"async\" width=\"1024\" height=\"680\" class=\"wp-block-cover__image-background wp-image-92 size-large\" alt=\"\" src=\"https:\/\/engenxa.ca\/wp-content\/uploads\/2025\/08\/firmbee-com-SpVHcbuKi6E-unsplash-1-1024x680.jpg\" style=\"object-position:52% 29%\" data-object-fit=\"cover\" data-object-position=\"52% 29%\" srcset=\"https:\/\/engenxa.ca\/wp-content\/uploads\/2025\/08\/firmbee-com-SpVHcbuKi6E-unsplash-1-1024x680.jpg 1024w, https:\/\/engenxa.ca\/wp-content\/uploads\/2025\/08\/firmbee-com-SpVHcbuKi6E-unsplash-1-300x199.jpg 300w, https:\/\/engenxa.ca\/wp-content\/uploads\/2025\/08\/firmbee-com-SpVHcbuKi6E-unsplash-1-768x510.jpg 768w, https:\/\/engenxa.ca\/wp-content\/uploads\/2025\/08\/firmbee-com-SpVHcbuKi6E-unsplash-1-1536x1020.jpg 1536w, https:\/\/engenxa.ca\/wp-content\/uploads\/2025\/08\/firmbee-com-SpVHcbuKi6E-unsplash-1-2048x1360.jpg 2048w\" sizes=\"(max-width: 1024px) 100vw, 1024px\" \/><span aria-hidden=\"true\" class=\"wp-block-cover__background has-background-dim-20 has-background-dim\" style=\"background-color:#094096\"><\/span><div class=\"wp-block-cover__inner-container has-global-padding is-layout-constrained wp-container-core-cover-is-layout-4383d167 wp-block-cover-is-layout-constrained\">\n<h2 class=\"wp-block-heading has-text-align-center has-text-color has-link-color has-cormorant-font-family wp-elements-6efcb6a1cf093568818fe8938e7f71e3\" style=\"color:#ffffff;font-size:clamp(34.313px, 2.145rem + ((1vw - 3.2px) * 3.146), 62px);font-style:normal;font-weight:400;text-transform:uppercase\">Let\u2019s Connect!<\/h2>\n<\/div><\/div>\n\n\n\n<div class=\"wp-block-group alignwide has-background has-global-padding is-layout-constrained wp-container-core-group-is-layout-6d26c1c7 wp-block-group-is-layout-constrained\" style=\"border-radius:0px;background-color:#f2faff;margin-top:80px;margin-bottom:80px\">\n<div class=\"wp-block-columns is-layout-flex wp-container-core-columns-is-layout-dff70962 wp-block-columns-is-layout-flex\" style=\"padding-left:30px\">\n<div class=\"wp-block-column is-vertically-aligned-center is-layout-flow wp-block-column-is-layout-flow\" style=\"flex-basis:50%\"><style id=\"wpforms-css-vars-159-block-49b992c4-728b-4e65-9265-f57c0523aa29\">\n\t\t\t\t#wpforms-159.wpforms-block-49b992c4-728b-4e65-9265-f57c0523aa29 {\n\t\t\t\t--wpforms-field-size-input-height: 43px;\n--wpforms-field-size-input-spacing: 15px;\n--wpforms-field-size-font-size: 16px;\n--wpforms-field-size-line-height: 19px;\n--wpforms-field-size-padding-h: 14px;\n--wpforms-field-size-checkbox-size: 16px;\n--wpforms-field-size-sublabel-spacing: 5px;\n--wpforms-field-size-icon-size: 1;\n--wpforms-label-size-font-size: 16px;\n--wpforms-label-size-line-height: 19px;\n--wpforms-label-size-sublabel-font-size: 14px;\n--wpforms-label-size-sublabel-line-height: 17px;\n--wpforms-button-size-font-size: 17px;\n--wpforms-button-size-height: 41px;\n--wpforms-button-size-padding-h: 15px;\n--wpforms-button-size-margin-top: 10px;\n\t\t\t}\n\t\t\t<\/style><div class=\"wpforms-container wpforms-container-full wpforms-block wpforms-block-49b992c4-728b-4e65-9265-f57c0523aa29 wpforms-render-modern\" id=\"wpforms-159\"><form id=\"wpforms-form-159\" class=\"wpforms-validate wpforms-form wpforms-ajax-form\" data-formid=\"159\" method=\"post\" enctype=\"multipart\/form-data\" action=\"\/en\/wp-json\/wp\/v2\/pages\/46\" data-token=\"802e077385ac2603f9387c45df524581\" data-token-time=\"1776734715\"><noscript class=\"wpforms-error-noscript\">Please enable JavaScript in your browser to complete this form.<\/noscript><div id=\"wpforms-error-noscript\" style=\"display: none;\">Please enable JavaScript in your browser to complete this form.<\/div><div class=\"wpforms-field-container\"><div id=\"wpforms-159-field_0-container\" class=\"wpforms-field wpforms-field-name\" data-field-id=\"0\"><fieldset><legend class=\"wpforms-field-label\">Name <span class=\"wpforms-required-label\" aria-hidden=\"true\">*<\/span><\/legend><div class=\"wpforms-field-row wpforms-field-medium\"><div class=\"wpforms-field-row-block wpforms-first wpforms-one-half\"><input type=\"text\" id=\"wpforms-159-field_0\" class=\"wpforms-field-name-first wpforms-field-required\" name=\"wpforms[fields][0][first]\" aria-errormessage=\"wpforms-159-field_0-error\" required><label for=\"wpforms-159-field_0\" class=\"wpforms-field-sublabel after\">First<\/label><\/div><div class=\"wpforms-field-row-block wpforms-one-half\"><input type=\"text\" id=\"wpforms-159-field_0-last\" class=\"wpforms-field-name-last wpforms-field-required\" name=\"wpforms[fields][0][last]\" aria-errormessage=\"wpforms-159-field_0-last-error\" required><label for=\"wpforms-159-field_0-last\" class=\"wpforms-field-sublabel after\">Last<\/label><\/div><\/div><\/fieldset><\/div><div id=\"wpforms-159-field_1-container\" class=\"wpforms-field wpforms-field-email\" data-field-id=\"1\"><label class=\"wpforms-field-label\" for=\"wpforms-159-field_1\">Email <span class=\"wpforms-required-label\" aria-hidden=\"true\">*<\/span><\/label><input type=\"email\" id=\"wpforms-159-field_1\" class=\"wpforms-field-medium wpforms-field-required\" name=\"wpforms[fields][1]\" spellcheck=\"false\" aria-errormessage=\"wpforms-159-field_1-error\" required><\/div><div id=\"wpforms-159-field_3-container\" class=\"wpforms-field wpforms-field-textarea\" data-field-id=\"3\"><label class=\"wpforms-field-label\" for=\"wpforms-159-field_3\">Message <span class=\"wpforms-required-label\" aria-hidden=\"true\">*<\/span><\/label><textarea id=\"wpforms-159-field_3\" class=\"wpforms-field-medium wpforms-field-required\" name=\"wpforms[fields][3]\" aria-errormessage=\"wpforms-159-field_3-error\" required><\/textarea><\/div>\t\t<div id=\"wpforms-159-field_2-container\"\n\t\t\tclass=\"wpforms-field wpforms-field-text\"\n\t\t\tdata-field-type=\"text\"\n\t\t\tdata-field-id=\"2\"\n\t\t\t>\n\t\t\t<label class=\"wpforms-field-label\" for=\"wpforms-159-field_2\" >Newsletter Email Message<\/label>\n\t\t\t<input type=\"text\" id=\"wpforms-159-field_2\" class=\"wpforms-field-medium\" name=\"wpforms[fields][2]\" >\n\t\t<\/div>\n\t\t<div id=\"wpforms-159-field_5-container\" class=\"wpforms-field wpforms-field-checkbox\" data-field-id=\"5\"><fieldset><legend class=\"wpforms-field-label\">Newsletter<\/legend><ul id=\"wpforms-159-field_5\"><li class=\"choice-1 depth-1\"><input type=\"checkbox\" id=\"wpforms-159-field_5_1\" name=\"wpforms[fields][5][]\" value=\"Yes, sign me up to the newsletter\" aria-errormessage=\"wpforms-159-field_5_1-error\"  ><label class=\"wpforms-field-label-inline\" for=\"wpforms-159-field_5_1\">Yes, sign me up to the newsletter<\/label><\/li><\/ul><\/fieldset><\/div><script>\n\t\t\t\t( function() {\n\t\t\t\t\tconst style = document.createElement( 'style' );\n\t\t\t\t\tstyle.appendChild( document.createTextNode( '#wpforms-159-field_2-container { position: absolute !important; overflow: hidden !important; display: inline !important; height: 1px !important; width: 1px !important; z-index: -1000 !important; padding: 0 !important; } #wpforms-159-field_2-container input { visibility: hidden; } #wpforms-conversational-form-page #wpforms-159-field_2-container label { counter-increment: none; }' ) );\n\t\t\t\t\tdocument.head.appendChild( style );\n\t\t\t\t\tdocument.currentScript?.remove();\n\t\t\t\t} )();\n\t\t\t<\/script><\/div><!-- .wpforms-field-container --><div class=\"wpforms-submit-container\" ><input type=\"hidden\" name=\"wpforms[id]\" value=\"159\"><input type=\"hidden\" name=\"page_title\" value=\"\"><input type=\"hidden\" name=\"page_url\" value=\"https:\/\/engenxa.ca\/en\/wp-json\/wp\/v2\/pages\/46\"><input type=\"hidden\" name=\"url_referer\" value=\"\"><button type=\"submit\" name=\"wpforms[submit]\" id=\"wpforms-submit-159\" class=\"wpforms-submit\" data-alt-text=\"Sending...\" data-submit-text=\"Submit\" aria-live=\"assertive\" value=\"wpforms-submit\">Submit<\/button><img decoding=\"async\" src=\"https:\/\/engenxa.ca\/wp-content\/plugins\/wpforms-lite\/assets\/images\/submit-spin.svg\" class=\"wpforms-submit-spinner\" style=\"display: none;\" width=\"26\" height=\"26\" alt=\"Loading\"><\/div><\/form><\/div>  <!-- .wpforms-container --><\/div>\n\n\n\n<div class=\"wp-block-column is-layout-flow wp-container-core-column-is-layout-a85a3c4b wp-block-column-is-layout-flow\" style=\"padding-right:0px;padding-left:0px;flex-basis:50%\">\n<div class=\"wp-block-group has-background has-global-padding is-layout-constrained wp-container-core-group-is-layout-1f5137d5 wp-block-group-is-layout-constrained\" style=\"border-radius:0px;background-color:#1173c5;padding-top:45px;padding-right:15px;padding-bottom:35px;padding-left:15px\">\n<div class=\"wp-block-columns is-layout-flex wp-container-core-columns-is-layout-664f01f9 wp-block-columns-is-layout-flex\">\n<div class=\"wp-block-column has-global-padding is-layout-constrained wp-container-core-column-is-layout-702d80fa wp-block-column-is-layout-constrained\" style=\"padding-bottom:1rem\">\n<div class=\"wp-block-group has-border-color has-global-padding is-layout-constrained wp-container-core-group-is-layout-4f9f0532 wp-block-group-is-layout-constrained\" style=\"border-color:#ffffff;border-style:solid;border-width:1px\">\n<div class=\"wp-block-group is-vertical is-content-justification-center is-layout-flex wp-container-core-group-is-layout-7026edc8 wp-block-group-is-layout-flex\" style=\"padding-top:2.1rem;padding-bottom:2.1rem\">\n<h3 class=\"wp-block-heading has-text-color has-link-color has-cormorant-font-family wp-elements-5444f0e073ced817b4b6177ada77099a\" style=\"color:#ffffff;margin-top:1rem;font-size:clamp(16.293px, 1.018rem + ((1vw - 3.2px) * 0.989), 25px);font-style:normal;font-weight:500;letter-spacing:1px;text-transform:uppercase\">ENGEnXA Offices:<\/h3>\n\n\n\n<ul class=\"wp-block-list\">\n<li class=\"has-text-color has-link-color wp-elements-4d7223d87eb01b0bf0039a9ce9b30f95\" style=\"color:#ffffff\">Canada Head Office: 754, rue d&#8217;Aiguillon, Qu\u00e9bec<\/li>\n\n\n\n<li class=\"has-text-color has-link-color wp-elements-c6e65b778867f3a4da72df112858c761\" style=\"color:#ffffff\">United States : 1885 W 56 St, Hialeah, FL<\/li>\n\n\n\n<li class=\"has-text-color has-link-color wp-elements-0bed157752c8d8cfa756945c6c0442bc\" style=\"color:#ffffff\">P\u00e9ru: Prolongaci\u00f3n Arenales 751, Miraflores, Lima<\/li>\n<\/ul>\n\n\n\n<p class=\"has-text-align-left\"><\/p>\n\n\n\n<p class=\"has-text-align-left has-text-color has-link-color has-mulish-font-family wp-elements-684ed60e347361e6f53009ca9a476e88\" style=\"color:#ffffff;font-size:clamp(14px, 0.875rem + ((1vw - 3.2px) * 0.682), 20px);\">Contact us : +1 418 478-9686<\/p>\n\n\n\n<p class=\"has-text-align-left has-text-color has-link-color has-mulish-font-family wp-elements-d48dca7b690cfce242a0a48f64fbdd63\" style=\"color:#ffffff;font-size:clamp(14px, 0.875rem + ((1vw - 3.2px) * 0.682), 20px);\"> Email : contact@engenxa.com<\/p>\n<\/div>\n<\/div>\n<\/div>\n<\/div>\n<\/div>\n<\/div>\n<\/div>\n<\/div>\n\n\n\n<div class=\"wp-block-group alignfull has-global-padding is-layout-constrained wp-container-core-group-is-layout-5e7314b4 wp-block-group-is-layout-constrained\" style=\"margin-top:0px;margin-bottom:0px\"><\/div>\n\n\n\n<div class=\"wp-block-cover alignfull\" style=\"margin-top:0px;margin-bottom:0px;min-height:380px;aspect-ratio:unset;\"><img decoding=\"async\" class=\"wp-block-cover__image-background wp-image-3015\" alt=\"\" src=\"https:\/\/images.unsplash.com\/photo-1508385082359-f38ae991e8f2?ixid=M3w1NjExMzd8MHwxfHNlYXJjaHwxOHx8Y29uc3VsdGluZ3xlbnwwfHx8fDE3NTU3NTQ4Nzd8MA&amp;ixlib=rb-4.1.0&amp;fm=webp&amp;w=1972\" style=\"object-position:51% 51%\" data-object-fit=\"cover\" data-object-position=\"51% 51%\"\/><span aria-hidden=\"true\" class=\"wp-block-cover__background has-background-dim-20 has-background-dim\" style=\"background-color:#094096\"><\/span><div class=\"wp-block-cover__inner-container has-global-padding is-layout-constrained wp-container-core-cover-is-layout-c20766dc wp-block-cover-is-layout-constrained\">\n<div class=\"wp-block-group is-vertical is-content-justification-center is-layout-flex wp-container-core-group-is-layout-fa38c63a wp-block-group-is-layout-flex\">\n<div class=\"wp-block-group has-global-padding is-layout-constrained wp-container-core-group-is-layout-cafd3ed5 wp-block-group-is-layout-constrained\" style=\"padding-top:3.51rem\">\n<h2 class=\"wp-block-heading has-text-align-center has-text-color has-mulish-font-family\" style=\"color:#ffffff;margin-top:0.5rem;margin-bottom:4.51rem;font-size:clamp(1.556rem, 1.556rem + ((1vw - 0.2rem) * 1.916), 2.61rem);font-style:normal;font-weight:600;line-height:1.3\">Crafting a legacy of positive impact is at the heart of our ethos, shaping every decision and strategy.<\/h2>\n<\/div>\n<\/div>\n<\/div><\/div>\n","protected":false},"excerpt":{"rendered":"<p>ENGEnXA Offices: Contact us : +1 418 478-9686 Email : contact@engenxa.com<\/p>\n","protected":false},"author":1,"featured_media":0,"parent":0,"menu_order":0,"comment_status":"closed","ping_status":"closed","template":"","meta":{"footnotes":""},"class_list":["post-46","page","type-page","status-publish","hentry"],"yoast_head":"<!-- This site is optimized with the Yoast SEO plugin v26.0 - https:\/\/yoast.com\/wordpress\/plugins\/seo\/ -->\n<title>Engenxa P\u00e9ru | Cont\u00e1ctenos<\/title>\n<meta name=\"description\" content=\"Cont\u00e1ctanos en Lima para servicios de auditor\u00eda y consultor\u00eda en normas internacionales ISO 9001, ISO 27001, ISO 14001, ISO 45001, ISO 22000 y ISO 37001. Engenxa ofrece soluciones en gesti\u00f3n de calidad, seguridad industrial y acreditaci\u00f3n para empresas peruanas.\" \/>\n<meta name=\"robots\" content=\"index, follow, max-snippet:-1, max-image-preview:large, max-video-preview:-1\" \/>\n<link rel=\"canonical\" href=\"https:\/\/engenxa.ca\/en\/contact-us\/\" \/>\n<meta property=\"og:locale\" content=\"en_US\" \/>\n<meta property=\"og:type\" content=\"article\" \/>\n<meta property=\"og:title\" content=\"Engenxa P\u00e9ru | Cont\u00e1ctenos\" \/>\n<meta property=\"og:description\" content=\"Cont\u00e1ctanos en Lima para servicios de auditor\u00eda y consultor\u00eda en normas internacionales ISO 9001, ISO 27001, ISO 14001, ISO 45001, ISO 22000 y ISO 37001. Engenxa ofrece soluciones en gesti\u00f3n de calidad, seguridad industrial y acreditaci\u00f3n para empresas peruanas.\" \/>\n<meta property=\"og:url\" content=\"https:\/\/engenxa.ca\/en\/contact-us\/\" \/>\n<meta property=\"og:site_name\" content=\"Engenxa.ca\" \/>\n<meta property=\"article:publisher\" content=\"https:\/\/www.facebook.com\/profile.php?id=61580905813910\" \/>\n<meta property=\"article:modified_time\" content=\"2025-10-28T19:43:42+00:00\" \/>\n<meta property=\"og:image\" content=\"https:\/\/engenxa.ca\/wp-content\/uploads\/2025\/08\/firmbee-com-SpVHcbuKi6E-unsplash-1-scaled.jpg\" \/>\n\t<meta property=\"og:image:width\" content=\"2560\" \/>\n\t<meta property=\"og:image:height\" content=\"1700\" \/>\n\t<meta property=\"og:image:type\" content=\"image\/jpeg\" \/>\n<meta name=\"twitter:card\" content=\"summary_large_image\" \/>\n<meta name=\"twitter:label1\" content=\"Est. reading time\" \/>\n\t<meta name=\"twitter:data1\" content=\"1 minute\" \/>\n<script type=\"application\/ld+json\" class=\"yoast-schema-graph\">{\"@context\":\"https:\/\/schema.org\",\"@graph\":[{\"@type\":\"WebPage\",\"@id\":\"https:\/\/engenxa.ca\/en\/contact-us\/\",\"url\":\"https:\/\/engenxa.ca\/en\/contact-us\/\",\"name\":\"Engenxa P\u00e9ru | Cont\u00e1ctenos\",\"isPartOf\":{\"@id\":\"https:\/\/engenxa.ca\/en\/#website\"},\"primaryImageOfPage\":{\"@id\":\"https:\/\/engenxa.ca\/en\/contact-us\/#primaryimage\"},\"image\":{\"@id\":\"https:\/\/engenxa.ca\/en\/contact-us\/#primaryimage\"},\"thumbnailUrl\":\"https:\/\/engenxa.ca\/wp-content\/uploads\/2025\/08\/firmbee-com-SpVHcbuKi6E-unsplash-1-1024x680.jpg\",\"datePublished\":\"2025-08-21T06:12:59+00:00\",\"dateModified\":\"2025-10-28T19:43:42+00:00\",\"description\":\"Cont\u00e1ctanos en Lima para servicios de auditor\u00eda y consultor\u00eda en normas internacionales ISO 9001, ISO 27001, ISO 14001, ISO 45001, ISO 22000 y ISO 37001. Engenxa ofrece soluciones en gesti\u00f3n de calidad, seguridad industrial y acreditaci\u00f3n para empresas peruanas.\",\"breadcrumb\":{\"@id\":\"https:\/\/engenxa.ca\/en\/contact-us\/#breadcrumb\"},\"inLanguage\":\"en-CA\",\"potentialAction\":[{\"@type\":\"ReadAction\",\"target\":[\"https:\/\/engenxa.ca\/en\/contact-us\/\"]}]},{\"@type\":\"ImageObject\",\"inLanguage\":\"en-CA\",\"@id\":\"https:\/\/engenxa.ca\/en\/contact-us\/#primaryimage\",\"url\":\"https:\/\/engenxa.ca\/wp-content\/uploads\/2025\/08\/firmbee-com-SpVHcbuKi6E-unsplash-1-1024x680.jpg\",\"contentUrl\":\"https:\/\/engenxa.ca\/wp-content\/uploads\/2025\/08\/firmbee-com-SpVHcbuKi6E-unsplash-1-1024x680.jpg\"},{\"@type\":\"BreadcrumbList\",\"@id\":\"https:\/\/engenxa.ca\/en\/contact-us\/#breadcrumb\",\"itemListElement\":[{\"@type\":\"ListItem\",\"position\":1,\"name\":\"Accueil\",\"item\":\"https:\/\/engenxa.ca\/\"},{\"@type\":\"ListItem\",\"position\":2,\"name\":\"Contact us\"}]},{\"@type\":\"WebSite\",\"@id\":\"https:\/\/engenxa.ca\/en\/#website\",\"url\":\"https:\/\/engenxa.ca\/en\/\",\"name\":\"Engenxa.ca\",\"description\":\"Empowering Excellence, Sustaining Success.\",\"publisher\":{\"@id\":\"https:\/\/engenxa.ca\/en\/#organization\"},\"potentialAction\":[{\"@type\":\"SearchAction\",\"target\":{\"@type\":\"EntryPoint\",\"urlTemplate\":\"https:\/\/engenxa.ca\/en\/?s={search_term_string}\"},\"query-input\":{\"@type\":\"PropertyValueSpecification\",\"valueRequired\":true,\"valueName\":\"search_term_string\"}}],\"inLanguage\":\"en-CA\"},{\"@type\":\"Organization\",\"@id\":\"https:\/\/engenxa.ca\/en\/#organization\",\"name\":\"Engenxa.ca\",\"url\":\"https:\/\/engenxa.ca\/en\/\",\"logo\":{\"@type\":\"ImageObject\",\"inLanguage\":\"en-CA\",\"@id\":\"https:\/\/engenxa.ca\/en\/#\/schema\/logo\/image\/\",\"url\":\"https:\/\/engenxa.ca\/wp-content\/uploads\/2025\/08\/ENG-1-2.png\",\"contentUrl\":\"https:\/\/engenxa.ca\/wp-content\/uploads\/2025\/08\/ENG-1-2.png\",\"width\":373,\"height\":138,\"caption\":\"Engenxa.ca\"},\"image\":{\"@id\":\"https:\/\/engenxa.ca\/en\/#\/schema\/logo\/image\/\"},\"sameAs\":[\"https:\/\/www.facebook.com\/profile.php?id=61580905813910\",\"https:\/\/www.instagram.com\/engenxa_consulting\/\",\"https:\/\/www.linkedin.com\/company\/engenxa-ca\/\"]}]}<\/script>\n<!-- \/ Yoast SEO plugin. -->","yoast_head_json":{"title":"Engenxa P\u00e9ru | Cont\u00e1ctenos","description":"Cont\u00e1ctanos en Lima para servicios de auditor\u00eda y consultor\u00eda en normas internacionales ISO 9001, ISO 27001, ISO 14001, ISO 45001, ISO 22000 y ISO 37001. Engenxa ofrece soluciones en gesti\u00f3n de calidad, seguridad industrial y acreditaci\u00f3n para empresas peruanas.","robots":{"index":"index","follow":"follow","max-snippet":"max-snippet:-1","max-image-preview":"max-image-preview:large","max-video-preview":"max-video-preview:-1"},"canonical":"https:\/\/engenxa.ca\/en\/contact-us\/","og_locale":"en_US","og_type":"article","og_title":"Engenxa P\u00e9ru | Cont\u00e1ctenos","og_description":"Cont\u00e1ctanos en Lima para servicios de auditor\u00eda y consultor\u00eda en normas internacionales ISO 9001, ISO 27001, ISO 14001, ISO 45001, ISO 22000 y ISO 37001. Engenxa ofrece soluciones en gesti\u00f3n de calidad, seguridad industrial y acreditaci\u00f3n para empresas peruanas.","og_url":"https:\/\/engenxa.ca\/en\/contact-us\/","og_site_name":"Engenxa.ca","article_publisher":"https:\/\/www.facebook.com\/profile.php?id=61580905813910","article_modified_time":"2025-10-28T19:43:42+00:00","og_image":[{"width":2560,"height":1700,"url":"https:\/\/engenxa.ca\/wp-content\/uploads\/2025\/08\/firmbee-com-SpVHcbuKi6E-unsplash-1-scaled.jpg","type":"image\/jpeg"}],"twitter_card":"summary_large_image","twitter_misc":{"Est. reading time":"1 minute"},"schema":{"@context":"https:\/\/schema.org","@graph":[{"@type":"WebPage","@id":"https:\/\/engenxa.ca\/en\/contact-us\/","url":"https:\/\/engenxa.ca\/en\/contact-us\/","name":"Engenxa P\u00e9ru | Cont\u00e1ctenos","isPartOf":{"@id":"https:\/\/engenxa.ca\/en\/#website"},"primaryImageOfPage":{"@id":"https:\/\/engenxa.ca\/en\/contact-us\/#primaryimage"},"image":{"@id":"https:\/\/engenxa.ca\/en\/contact-us\/#primaryimage"},"thumbnailUrl":"https:\/\/engenxa.ca\/wp-content\/uploads\/2025\/08\/firmbee-com-SpVHcbuKi6E-unsplash-1-1024x680.jpg","datePublished":"2025-08-21T06:12:59+00:00","dateModified":"2025-10-28T19:43:42+00:00","description":"Cont\u00e1ctanos en Lima para servicios de auditor\u00eda y consultor\u00eda en normas internacionales ISO 9001, ISO 27001, ISO 14001, ISO 45001, ISO 22000 y ISO 37001. Engenxa ofrece soluciones en gesti\u00f3n de calidad, seguridad industrial y acreditaci\u00f3n para empresas peruanas.","breadcrumb":{"@id":"https:\/\/engenxa.ca\/en\/contact-us\/#breadcrumb"},"inLanguage":"en-CA","potentialAction":[{"@type":"ReadAction","target":["https:\/\/engenxa.ca\/en\/contact-us\/"]}]},{"@type":"ImageObject","inLanguage":"en-CA","@id":"https:\/\/engenxa.ca\/en\/contact-us\/#primaryimage","url":"https:\/\/engenxa.ca\/wp-content\/uploads\/2025\/08\/firmbee-com-SpVHcbuKi6E-unsplash-1-1024x680.jpg","contentUrl":"https:\/\/engenxa.ca\/wp-content\/uploads\/2025\/08\/firmbee-com-SpVHcbuKi6E-unsplash-1-1024x680.jpg"},{"@type":"BreadcrumbList","@id":"https:\/\/engenxa.ca\/en\/contact-us\/#breadcrumb","itemListElement":[{"@type":"ListItem","position":1,"name":"Accueil","item":"https:\/\/engenxa.ca\/"},{"@type":"ListItem","position":2,"name":"Contact us"}]},{"@type":"WebSite","@id":"https:\/\/engenxa.ca\/en\/#website","url":"https:\/\/engenxa.ca\/en\/","name":"Engenxa.ca","description":"Empowering Excellence, Sustaining Success.","publisher":{"@id":"https:\/\/engenxa.ca\/en\/#organization"},"potentialAction":[{"@type":"SearchAction","target":{"@type":"EntryPoint","urlTemplate":"https:\/\/engenxa.ca\/en\/?s={search_term_string}"},"query-input":{"@type":"PropertyValueSpecification","valueRequired":true,"valueName":"search_term_string"}}],"inLanguage":"en-CA"},{"@type":"Organization","@id":"https:\/\/engenxa.ca\/en\/#organization","name":"Engenxa.ca","url":"https:\/\/engenxa.ca\/en\/","logo":{"@type":"ImageObject","inLanguage":"en-CA","@id":"https:\/\/engenxa.ca\/en\/#\/schema\/logo\/image\/","url":"https:\/\/engenxa.ca\/wp-content\/uploads\/2025\/08\/ENG-1-2.png","contentUrl":"https:\/\/engenxa.ca\/wp-content\/uploads\/2025\/08\/ENG-1-2.png","width":373,"height":138,"caption":"Engenxa.ca"},"image":{"@id":"https:\/\/engenxa.ca\/en\/#\/schema\/logo\/image\/"},"sameAs":["https:\/\/www.facebook.com\/profile.php?id=61580905813910","https:\/\/www.instagram.com\/engenxa_consulting\/","https:\/\/www.linkedin.com\/company\/engenxa-ca\/"]}]}},"_links":{"self":[{"href":"https:\/\/engenxa.ca\/en\/wp-json\/wp\/v2\/pages\/46","targetHints":{"allow":["GET"]}}],"collection":[{"href":"https:\/\/engenxa.ca\/en\/wp-json\/wp\/v2\/pages"}],"about":[{"href":"https:\/\/engenxa.ca\/en\/wp-json\/wp\/v2\/types\/page"}],"author":[{"embeddable":true,"href":"https:\/\/engenxa.ca\/en\/wp-json\/wp\/v2\/users\/1"}],"replies":[{"embeddable":true,"href":"https:\/\/engenxa.ca\/en\/wp-json\/wp\/v2\/comments?post=46"}],"version-history":[{"count":28,"href":"https:\/\/engenxa.ca\/en\/wp-json\/wp\/v2\/pages\/46\/revisions"}],"predecessor-version":[{"id":583,"href":"https:\/\/engenxa.ca\/en\/wp-json\/wp\/v2\/pages\/46\/revisions\/583"}],"wp:attachment":[{"href":"https:\/\/engenxa.ca\/en\/wp-json\/wp\/v2\/media?parent=46"}],"curies":[{"name":"wp","href":"https:\/\/api.w.org\/{rel}","templated":true}]}}